{"id":3,"date":"2023-12-04T13:08:37","date_gmt":"2023-12-04T13:08:37","guid":{"rendered":"http:\/\/3-21-services.local\/?page_id=3"},"modified":"2024-01-18T16:36:54","modified_gmt":"2024-01-18T15:36:54","slug":"privacy-policy","status":"publish","type":"page","link":"https:\/\/3-21services.com\/fr\/privacy-policy\/","title":{"rendered":"Politique de confidentialit\u00e9"},"content":{"rendered":"\n<p>Nous respectons votre vie priv\u00e9e et nous engageons \u00e0 prot\u00e9ger la confidentialit\u00e9 de vos donn\u00e9es personnelles. Cette politique de confidentialit\u00e9 a pour objet de d\u00e9crire comment sont utilis\u00e9es les donn\u00e9es personnelles que nous collectons ou d\u00e9tenons et \u00e0 qui ces donn\u00e9es peuvent \u00eatre divulgu\u00e9es. Cela comprend les diff\u00e9rentes fa\u00e7ons dont vous interagissez avec nous, \u00e0 travers notre site web, un r\u00e9seau social, par t\u00e9l\u00e9phone, courriel ou en personne.<\/p>\n\n\n\n<p>L\u2019utilisation des donn\u00e9es est strictement limit\u00e9e au cadre des services que nous rendons.<\/p>\n\n\n\n<p>Tous nos collaborateurs sont inform\u00e9s de notre politique de confidentialit\u00e9 et s\u2019engagent \u00e0 respecter cette derni\u00e8re.<\/p>\n\n\n\n<p>Le traitement des donn\u00e9es personnelles est soumis aux l\u00e9gislations applicables en mati\u00e8re de protection des donn\u00e9es en vigueur en Suisse, notamment \u00e0 la nouvelle Loi f\u00e9d\u00e9rale sur la&nbsp;protection des donn\u00e9es (ci-apr\u00e8s \u00abnLPD\u00bb).<\/p>\n\n\n\n<h2 class=\"wp-block-heading\"><strong>Collecte de donn\u00e9es<\/strong><\/h2>\n\n\n\n<p>Nous recueillons des informations vous concernant uniquement dans le but d\u2019ex\u00e9cuter le\u00a0mandat que vous nous avez confi\u00e9. Il peut s&rsquo;agir d&rsquo;informations telles que votre nom, votre adresse \u00e9lectronique, votre adresse de domicile, votre num\u00e9ro de t\u00e9l\u00e9phone, votre date de naissance et toute autre information n\u00e9cessaire \u00e0 la fourniture de nos services.<\/p>\n\n\n\n<h2 class=\"wp-block-heading\"><strong>Utilisation des donn\u00e9es<\/strong><\/h2>\n\n\n\n<p>Nous utilisons exclusivement vos donn\u00e9es dans le cadre de l\u2019ex\u00e9cution de nos mandats et les&nbsp;traitons uniquement de mani\u00e8re compatible avec la finalit\u00e9 pour laquelle elles ont \u00e9t\u00e9 collect\u00e9es Nous n\u2019utilisons pas vos donn\u00e9es personnelles collect\u00e9es pour proposer de nouveaux produits et services ni pour les transmettre \u00e0 d\u2019autres prestataires dans le cadre d\u2019une utilisation commerciale.<\/p>\n\n\n\n<h2 class=\"wp-block-heading\"><strong>Recrutement<\/strong><\/h2>\n\n\n\n<p>Afin de r\u00e9pondre \u00e0 une candidature spontan\u00e9e ou pour donner suite \u00e0 une offre d\u2019emploi, nous recueillons vos informations personnelles telles que vos donn\u00e9es d\u2019identit\u00e9 et de contact et toute autre information qui figure dans les documents que vous nous aurez transmis directement.<\/p>\n\n\n\n<p>Par ailleurs, nous sommes susceptibles de collaborer avec plusieurs agences ou plateformes d\u00e9di\u00e9es. Vos donn\u00e9es personnelle soumises dans ce cadre sont trait\u00e9es conform\u00e9ment \u00e0 leurs propres politiques de confidentialit\u00e9.<\/p>\n\n\n\n<p>Une fois le poste pourvu, nous effa\u00e7ons les donn\u00e9es des candidatures non retenues.<\/p>\n\n\n\n<h2 class=\"wp-block-heading\"><strong>Communication de donn\u00e9es<\/strong><\/h2>\n\n\n\n<p>Nous ne vendons, ni n\u2019\u00e9changeons vos informations personnelles avec des tiers. Nous pouvons partager vos informations avec des tiers uniquement dans le but de nous conformer aux lois et r\u00e9glementations applicables, pour r\u00e9pondre \u00e0 des demandes judiciaires, et pour tous les autres cas, avec votre consentement.<\/p>\n\n\n\n<p>Vos donn\u00e9es peuvent \u00eatre communiqu\u00e9es \u00e0 des organismes \u00e0 l\u2019\u00e9tranger, en particulier \u00e0 des banques. Dans ce cas nous respectons les r\u00e8gles applicables et adoptons des mesures pr\u00e9ventives n\u00e9cessaires \u00e0 la transmission de donn\u00e9es personnelles vers un Etat ne disposant pas d\u2019une protection l\u00e9gale des donn\u00e9es ad\u00e9quate.<\/p>\n\n\n\n<h2 class=\"wp-block-heading\"><strong>S\u00e9curit\u00e9 des donn\u00e9es<\/strong><\/h2>\n\n\n\n<p>Nous mettons en \u0153uvre une vari\u00e9t\u00e9 de mesures strictes organisationnelles et techniques afin de maintenir la s\u00e9curit\u00e9 de vos donn\u00e9es. Nous prenons des mesures raisonnables et appropri\u00e9es pour maintenir la confidentialit\u00e9 et l&rsquo;int\u00e9grit\u00e9 de vos donn\u00e9es et emp\u00eacher l&rsquo;utilisation ou la divulgation non autoris\u00e9e des donn\u00e9es conform\u00e9ment \u00e0 la nLPD. Vos informations personnelles sont contenues dans des r\u00e9seaux s\u00e9curis\u00e9s et ne sont accessibles que par un nombre limit\u00e9 de personnes ayant des droits d\u2019acc\u00e8s sp\u00e9ciaux \u00e0 ces syst\u00e8mes. Nous utilisons un prestataire informatique dans le&nbsp;cadre de la sauvegarde p\u00e9riodique de nos donn\u00e9es. Les donn\u00e9es transmises \u00e0 ce dernier sont s\u00e9curis\u00e9es avec une cl\u00e9 de cryptage et sauvegard\u00e9es temporairement sur des serveurs en Suisse.<\/p>\n\n\n\n<h2 class=\"wp-block-heading\"><strong>D\u00e9lai de conservation des donn\u00e9es<\/strong><\/h2>\n\n\n\n<p>Nous conservons les donn\u00e9es personnelles aussi longtemps que n\u00e9cessaire pour atteindre les finalit\u00e9s pour lesquelles elles ont \u00e9t\u00e9 collect\u00e9es, conform\u00e9ment \u00e0 la l\u00e9gislation et aux dispositions de la pr\u00e9sente politique de confidentialit\u00e9. Certaines donn\u00e9es (livres et pi\u00e8ces comptables, rapports et comptes annuels) sont conserv\u00e9es dix ans, selon la loi.<\/p>\n\n\n\n<h2 class=\"wp-block-heading\"><strong>Vos <\/strong><strong>droits<\/strong><strong><\/strong><\/h2>\n\n\n\n<p>Vous avez le droit de demander une copie de vos informations personnelles en notre possession, de demander la correction de toute erreur dans ces informations et de demander la suppression de ces informations.<\/p>\n\n\n\n<h2 class=\"wp-block-heading\"><strong>Cookies<\/strong><\/h2>\n\n\n\n<p>Nous utilisons des cookies quant aux pr\u00e9f\u00e9rences de langues n\u00e9cessaires au bon fonctionnement de notre site. Notre site utilise la plateforme d\u2019analyse web Matomo pour un suivi des donn\u00e9es, qui sont anonymis\u00e9es et stock\u00e9es sur des serveurs en Suisse. Les donn\u00e9es collect\u00e9es servent \u00e0 avoir des statistiques de visites, de vues de pages et de navigateurs utilis\u00e9s. Vous pouvez choisir de bloquer ce suivi en d\u00e9sactivant tous les cookies via les param\u00e8tres de votre navigateur.<\/p>\n\n\n\n<h2 class=\"wp-block-heading\"><strong>Consentement<\/strong><\/h2>\n\n\n\n<p>En utilisant notre site, vous consentez \u00e0 notre politique de confidentialit\u00e9 en ligne.<\/p>\n\n\n\n<h2 class=\"wp-block-heading\"><strong>Droit applicable et for judiciaire<\/strong><\/h2>\n\n\n\n<p>Cette politique de confidentialit\u00e9 est soumise au droit suisse.<\/p>\n\n\n\n<p>Le for judiciaire est \u00e0 Gen\u00e8ve.<\/p>\n\n\n\n<h2 class=\"wp-block-heading\"><strong>Mises \u00e0 jour de la politique de confidentialit\u00e9<\/strong><\/h2>\n\n\n\n<p>Notre politique de confidentialit\u00e9 peut \u00eatre mise \u00e0 jour p\u00e9riodiquement. Toute modification sera publi\u00e9e sur cette page.<\/p>\n\n\n\n<p>La version fran\u00e7aise de cette politique de confidentialit\u00e9 fait foi en cas de contradiction.<\/p>\n\n\n\n<p>Cette politique de confidentialit\u00e9 a \u00e9t\u00e9 modifi\u00e9e pour la derni\u00e8re fois le 9 novembre 2023.<\/p>\n\n\n\n<h2 class=\"wp-block-heading\"><strong>Nous contacter<\/strong><strong><\/strong><\/h2>\n\n\n\n<p>Si vous avez des questions concernant notre politique de protection de la vie priv\u00e9e, veuillez nous contacter \u00e0 l&rsquo;adresse suivante&nbsp;:<\/p>\n\n\n\n<p>3:21 Services SA<br>Boulevard des Philosophes 17<br>1205 Gen\u00e8ve<br>3-21@3-21services.com<\/p>\n","protected":false},"excerpt":{"rendered":"<p>Nous respectons votre vie priv\u00e9e et nous engageons \u00e0 prot\u00e9ger la confidentialit\u00e9 de vos donn\u00e9es personnelles. Cette politique de confidentialit\u00e9 a pour objet de d\u00e9crire comment sont utilis\u00e9es les donn\u00e9es personnelles que nous collectons ou d\u00e9tenons et \u00e0 qui ces donn\u00e9es peuvent \u00eatre divulgu\u00e9es. Cela comprend les diff\u00e9rentes fa\u00e7ons dont vous interagissez avec nous, \u00e0 [&hellip;]<\/p>\n","protected":false},"author":1,"featured_media":0,"parent":0,"menu_order":0,"comment_status":"closed","ping_status":"open","template":"","meta":{"_acf_changed":false,"footnotes":""},"class_list":["post-3","page","type-page","status-publish","hentry"],"acf":[],"yoast_head":"<!-- This site is optimized with the Yoast SEO plugin v27.3 - https:\/\/yoast.com\/product\/yoast-seo-wordpress\/ -->\n<title>Politique de confidentialit\u00e9 - 3-21 Services<\/title>\n<meta name=\"robots\" content=\"index, follow, max-snippet:-1, max-image-preview:large, max-video-preview:-1\" \/>\n<link rel=\"canonical\" href=\"https:\/\/3-21services.com\/fr\/privacy-policy\/\" \/>\n<meta property=\"og:locale\" content=\"fr_FR\" \/>\n<meta property=\"og:type\" content=\"article\" \/>\n<meta property=\"og:title\" content=\"Politique de confidentialit\u00e9 - 3-21 Services\" \/>\n<meta property=\"og:description\" content=\"Nous respectons votre vie priv\u00e9e et nous engageons \u00e0 prot\u00e9ger la confidentialit\u00e9 de vos donn\u00e9es personnelles. Cette politique de confidentialit\u00e9 a pour objet de d\u00e9crire comment sont utilis\u00e9es les donn\u00e9es personnelles que nous collectons ou d\u00e9tenons et \u00e0 qui ces donn\u00e9es peuvent \u00eatre divulgu\u00e9es. Cela comprend les diff\u00e9rentes fa\u00e7ons dont vous interagissez avec nous, \u00e0 [&hellip;]\" \/>\n<meta property=\"og:url\" content=\"https:\/\/3-21services.com\/fr\/privacy-policy\/\" \/>\n<meta property=\"og:site_name\" content=\"3-21 Services\" \/>\n<meta property=\"article:modified_time\" content=\"2024-01-18T15:36:54+00:00\" \/>\n<meta property=\"og:image\" content=\"https:\/\/3-21services.com\/wp-content\/uploads\/2024\/01\/preview-website.png\" \/>\n\t<meta property=\"og:image:width\" content=\"1200\" \/>\n\t<meta property=\"og:image:height\" content=\"675\" \/>\n\t<meta property=\"og:image:type\" content=\"image\/png\" \/>\n<meta name=\"twitter:card\" content=\"summary_large_image\" \/>\n<meta name=\"twitter:label1\" content=\"Dur\u00e9e de lecture estim\u00e9e\" \/>\n\t<meta name=\"twitter:data1\" content=\"5 minutes\" \/>\n<script type=\"application\/ld+json\" class=\"yoast-schema-graph\">{\"@context\":\"https:\\\/\\\/schema.org\",\"@graph\":[{\"@type\":\"WebPage\",\"@id\":\"https:\\\/\\\/3-21services.com\\\/fr\\\/privacy-policy\\\/\",\"url\":\"https:\\\/\\\/3-21services.com\\\/fr\\\/privacy-policy\\\/\",\"name\":\"Politique de confidentialit\u00e9 - 3-21 Services\",\"isPartOf\":{\"@id\":\"https:\\\/\\\/3-21services.com\\\/fr\\\/#website\"},\"datePublished\":\"2023-12-04T13:08:37+00:00\",\"dateModified\":\"2024-01-18T15:36:54+00:00\",\"breadcrumb\":{\"@id\":\"https:\\\/\\\/3-21services.com\\\/fr\\\/privacy-policy\\\/#breadcrumb\"},\"inLanguage\":\"fr-FR\",\"potentialAction\":[{\"@type\":\"ReadAction\",\"target\":[\"https:\\\/\\\/3-21services.com\\\/fr\\\/privacy-policy\\\/\"]}]},{\"@type\":\"BreadcrumbList\",\"@id\":\"https:\\\/\\\/3-21services.com\\\/fr\\\/privacy-policy\\\/#breadcrumb\",\"itemListElement\":[{\"@type\":\"ListItem\",\"position\":1,\"name\":\"Home\",\"item\":\"https:\\\/\\\/3-21services.com\\\/fr\\\/\"},{\"@type\":\"ListItem\",\"position\":2,\"name\":\"Politique de confidentialit\u00e9\"}]},{\"@type\":\"WebSite\",\"@id\":\"https:\\\/\\\/3-21services.com\\\/fr\\\/#website\",\"url\":\"https:\\\/\\\/3-21services.com\\\/fr\\\/\",\"name\":\"3-21 Services\",\"description\":\"Your business : Our expertise\",\"publisher\":{\"@id\":\"https:\\\/\\\/3-21services.com\\\/fr\\\/#organization\"},\"potentialAction\":[{\"@type\":\"SearchAction\",\"target\":{\"@type\":\"EntryPoint\",\"urlTemplate\":\"https:\\\/\\\/3-21services.com\\\/fr\\\/?s={search_term_string}\"},\"query-input\":{\"@type\":\"PropertyValueSpecification\",\"valueRequired\":true,\"valueName\":\"search_term_string\"}}],\"inLanguage\":\"fr-FR\"},{\"@type\":\"Organization\",\"@id\":\"https:\\\/\\\/3-21services.com\\\/fr\\\/#organization\",\"name\":\"3-21 Services\",\"url\":\"https:\\\/\\\/3-21services.com\\\/fr\\\/\",\"logo\":{\"@type\":\"ImageObject\",\"inLanguage\":\"fr-FR\",\"@id\":\"https:\\\/\\\/3-21services.com\\\/fr\\\/#\\\/schema\\\/logo\\\/image\\\/\",\"url\":\"https:\\\/\\\/3-21services.com\\\/wp-content\\\/uploads\\\/2024\\\/01\\\/321-services-logo.png\",\"contentUrl\":\"https:\\\/\\\/3-21services.com\\\/wp-content\\\/uploads\\\/2024\\\/01\\\/321-services-logo.png\",\"width\":200,\"height\":123,\"caption\":\"3-21 Services\"},\"image\":{\"@id\":\"https:\\\/\\\/3-21services.com\\\/fr\\\/#\\\/schema\\\/logo\\\/image\\\/\"},\"sameAs\":[\"https:\\\/\\\/www.linkedin.com\\\/company\\\/3-21services\"]}]}<\/script>\n<!-- \/ Yoast SEO plugin. -->","yoast_head_json":{"title":"Politique de confidentialit\u00e9 - 3-21 Services","robots":{"index":"index","follow":"follow","max-snippet":"max-snippet:-1","max-image-preview":"max-image-preview:large","max-video-preview":"max-video-preview:-1"},"canonical":"https:\/\/3-21services.com\/fr\/privacy-policy\/","og_locale":"fr_FR","og_type":"article","og_title":"Politique de confidentialit\u00e9 - 3-21 Services","og_description":"Nous respectons votre vie priv\u00e9e et nous engageons \u00e0 prot\u00e9ger la confidentialit\u00e9 de vos donn\u00e9es personnelles. Cette politique de confidentialit\u00e9 a pour objet de d\u00e9crire comment sont utilis\u00e9es les donn\u00e9es personnelles que nous collectons ou d\u00e9tenons et \u00e0 qui ces donn\u00e9es peuvent \u00eatre divulgu\u00e9es. Cela comprend les diff\u00e9rentes fa\u00e7ons dont vous interagissez avec nous, \u00e0 [&hellip;]","og_url":"https:\/\/3-21services.com\/fr\/privacy-policy\/","og_site_name":"3-21 Services","article_modified_time":"2024-01-18T15:36:54+00:00","og_image":[{"width":1200,"height":675,"url":"https:\/\/3-21services.com\/wp-content\/uploads\/2024\/01\/preview-website.png","type":"image\/png"}],"twitter_card":"summary_large_image","twitter_misc":{"Dur\u00e9e de lecture estim\u00e9e":"5 minutes"},"schema":{"@context":"https:\/\/schema.org","@graph":[{"@type":"WebPage","@id":"https:\/\/3-21services.com\/fr\/privacy-policy\/","url":"https:\/\/3-21services.com\/fr\/privacy-policy\/","name":"Politique de confidentialit\u00e9 - 3-21 Services","isPartOf":{"@id":"https:\/\/3-21services.com\/fr\/#website"},"datePublished":"2023-12-04T13:08:37+00:00","dateModified":"2024-01-18T15:36:54+00:00","breadcrumb":{"@id":"https:\/\/3-21services.com\/fr\/privacy-policy\/#breadcrumb"},"inLanguage":"fr-FR","potentialAction":[{"@type":"ReadAction","target":["https:\/\/3-21services.com\/fr\/privacy-policy\/"]}]},{"@type":"BreadcrumbList","@id":"https:\/\/3-21services.com\/fr\/privacy-policy\/#breadcrumb","itemListElement":[{"@type":"ListItem","position":1,"name":"Home","item":"https:\/\/3-21services.com\/fr\/"},{"@type":"ListItem","position":2,"name":"Politique de confidentialit\u00e9"}]},{"@type":"WebSite","@id":"https:\/\/3-21services.com\/fr\/#website","url":"https:\/\/3-21services.com\/fr\/","name":"3-21 Services","description":"Your business : Our expertise","publisher":{"@id":"https:\/\/3-21services.com\/fr\/#organization"},"potentialAction":[{"@type":"SearchAction","target":{"@type":"EntryPoint","urlTemplate":"https:\/\/3-21services.com\/fr\/?s={search_term_string}"},"query-input":{"@type":"PropertyValueSpecification","valueRequired":true,"valueName":"search_term_string"}}],"inLanguage":"fr-FR"},{"@type":"Organization","@id":"https:\/\/3-21services.com\/fr\/#organization","name":"3-21 Services","url":"https:\/\/3-21services.com\/fr\/","logo":{"@type":"ImageObject","inLanguage":"fr-FR","@id":"https:\/\/3-21services.com\/fr\/#\/schema\/logo\/image\/","url":"https:\/\/3-21services.com\/wp-content\/uploads\/2024\/01\/321-services-logo.png","contentUrl":"https:\/\/3-21services.com\/wp-content\/uploads\/2024\/01\/321-services-logo.png","width":200,"height":123,"caption":"3-21 Services"},"image":{"@id":"https:\/\/3-21services.com\/fr\/#\/schema\/logo\/image\/"},"sameAs":["https:\/\/www.linkedin.com\/company\/3-21services"]}]}},"_links":{"self":[{"href":"https:\/\/3-21services.com\/fr\/wp-json\/wp\/v2\/pages\/3","targetHints":{"allow":["GET"]}}],"collection":[{"href":"https:\/\/3-21services.com\/fr\/wp-json\/wp\/v2\/pages"}],"about":[{"href":"https:\/\/3-21services.com\/fr\/wp-json\/wp\/v2\/types\/page"}],"author":[{"embeddable":true,"href":"https:\/\/3-21services.com\/fr\/wp-json\/wp\/v2\/users\/1"}],"replies":[{"embeddable":true,"href":"https:\/\/3-21services.com\/fr\/wp-json\/wp\/v2\/comments?post=3"}],"version-history":[{"count":2,"href":"https:\/\/3-21services.com\/fr\/wp-json\/wp\/v2\/pages\/3\/revisions"}],"predecessor-version":[{"id":359,"href":"https:\/\/3-21services.com\/fr\/wp-json\/wp\/v2\/pages\/3\/revisions\/359"}],"wp:attachment":[{"href":"https:\/\/3-21services.com\/fr\/wp-json\/wp\/v2\/media?parent=3"}],"curies":[{"name":"wp","href":"https:\/\/api.w.org\/{rel}","templated":true}]}}